{"id":11,"date":"2025-07-12T22:52:49","date_gmt":"2025-07-12T20:52:49","guid":{"rendered":"http:\/\/ead\/services\/"},"modified":"2026-04-20T17:47:45","modified_gmt":"2026-04-20T15:47:45","slug":"expertise","status":"publish","type":"page","link":"https:\/\/pfeds.com\/aspg\/expertise\/","title":{"rendered":"Expertise"},"content":{"rendered":"\t\t<div data-elementor-type=\"wp-page\" data-elementor-id=\"11\" class=\"elementor elementor-11\">\n\t\t\t\t<div class=\"elementor-element elementor-element-122e55f e-flex e-con-boxed wpr-particle-no wpr-jarallax-no wpr-parallax-no wpr-sticky-section-no wpr-column-slider-no wpr-equal-height-no e-con e-parent\" data-id=\"122e55f\" data-element_type=\"container\" data-e-type=\"container\" data-settings=\"{&quot;background_background&quot;:&quot;classic&quot;}\">\n\t\t\t\t\t<div class=\"e-con-inner\">\n\t\t<div class=\"elementor-element elementor-element-d4f38d4 e-con-full e-flex wpr-particle-no wpr-jarallax-no wpr-parallax-no wpr-sticky-section-no wpr-column-slider-no wpr-equal-height-no e-con e-child\" data-id=\"d4f38d4\" data-element_type=\"container\" data-e-type=\"container\">\n\t\t\t\t<div class=\"elementor-element elementor-element-63d7f54 elementor-widget elementor-widget-heading\" data-id=\"63d7f54\" data-element_type=\"widget\" data-e-type=\"widget\" data-widget_type=\"heading.default\">\n\t\t\t\t<div class=\"elementor-widget-container\">\n\t\t\t\t\t<h1 class=\"elementor-heading-title elementor-size-default\">Expertise<\/h1>\t\t\t\t<\/div>\n\t\t\t\t<\/div>\n\t\t\t\t<\/div>\n\t\t\t\t\t<\/div>\n\t\t\t\t<\/div>\n\t\t<div class=\"elementor-element elementor-element-6be091b e-flex e-con-boxed wpr-particle-no wpr-jarallax-no wpr-parallax-no wpr-sticky-section-no wpr-column-slider-no wpr-equal-height-no e-con e-parent\" data-id=\"6be091b\" data-element_type=\"container\" data-e-type=\"container\" data-settings=\"{&quot;background_background&quot;:&quot;classic&quot;}\">\n\t\t\t\t\t<div class=\"e-con-inner\">\n\t\t<div class=\"elementor-element elementor-element-95a481c e-con-full e-flex wpr-particle-no wpr-jarallax-no wpr-parallax-no wpr-sticky-section-no wpr-column-slider-no wpr-equal-height-no e-con e-child\" data-id=\"95a481c\" data-element_type=\"container\" data-e-type=\"container\">\n\t\t<div class=\"elementor-element elementor-element-9a3e82e e-con-full e-flex wpr-particle-no wpr-jarallax-no wpr-parallax-no wpr-sticky-section-no wpr-column-slider-no wpr-equal-height-no e-con e-child\" data-id=\"9a3e82e\" data-element_type=\"container\" data-e-type=\"container\">\n\t\t<div class=\"elementor-element elementor-element-e1473fb e-con-full e-flex wpr-particle-no wpr-jarallax-no wpr-parallax-no wpr-sticky-section-no wpr-column-slider-no wpr-equal-height-no e-con e-child\" data-id=\"e1473fb\" data-element_type=\"container\" data-e-type=\"container\">\n\t\t\t\t<div class=\"elementor-element elementor-element-d050a4e elementor-widget elementor-widget-heading\" data-id=\"d050a4e\" data-element_type=\"widget\" data-e-type=\"widget\" data-widget_type=\"heading.default\">\n\t\t\t\t<div class=\"elementor-widget-container\">\n\t\t\t\t\t<h4 class=\"elementor-heading-title elementor-size-default\">La g\u00e9omatique au service du d\u00e9veloppement<\/h4>\t\t\t\t<\/div>\n\t\t\t\t<\/div>\n\t\t\t\t<div class=\"elementor-element elementor-element-81b6959 elementor-widget elementor-widget-heading\" data-id=\"81b6959\" data-element_type=\"widget\" data-e-type=\"widget\" data-widget_type=\"heading.default\">\n\t\t\t\t<div class=\"elementor-widget-container\">\n\t\t\t\t\t<h2 class=\"elementor-heading-title elementor-size-default\">DOMAINES D\u2019EXPERTISE<\/h2>\t\t\t\t<\/div>\n\t\t\t\t<\/div>\n\t\t\t\t<\/div>\n\t\t\t\t<\/div>\n\t\t<div class=\"elementor-element elementor-element-c98d1dd e-con-full e-flex wpr-particle-no wpr-jarallax-no wpr-parallax-no wpr-sticky-section-no wpr-column-slider-no wpr-equal-height-no e-con e-child\" data-id=\"c98d1dd\" data-element_type=\"container\" data-e-type=\"container\">\n\t\t<div class=\"elementor-element elementor-element-d7c5a71 e-con-full e-flex wpr-particle-no wpr-jarallax-no wpr-parallax-no wpr-sticky-section-no wpr-column-slider-no wpr-equal-height-no e-con e-child\" data-id=\"d7c5a71\" data-element_type=\"container\" data-e-type=\"container\">\n\t\t\t\t<div class=\"elementor-element elementor-element-9d01ba5 elementor-position-top elementor-widget elementor-widget-image-box\" data-id=\"9d01ba5\" data-element_type=\"widget\" data-e-type=\"widget\" data-widget_type=\"image-box.default\">\n\t\t\t\t<div class=\"elementor-widget-container\">\n\t\t\t\t\t<div class=\"elementor-image-box-wrapper\"><figure class=\"elementor-image-box-img\"><img fetchpriority=\"high\" decoding=\"async\" width=\"1200\" height=\"796\" src=\"https:\/\/pfeds.com\/aspg\/wp-content\/uploads\/2026\/04\/Systemes_Information_Geographique.jpg\" class=\"attachment-full size-full wp-image-1691\" alt=\"systemes information geographique\" title=\"Expertise\" srcset=\"https:\/\/pfeds.com\/aspg\/wp-content\/uploads\/2026\/04\/Systemes_Information_Geographique.jpg 1200w, https:\/\/pfeds.com\/aspg\/wp-content\/uploads\/2026\/04\/Systemes_Information_Geographique-300x199.jpg 300w, https:\/\/pfeds.com\/aspg\/wp-content\/uploads\/2026\/04\/Systemes_Information_Geographique-1024x679.jpg 1024w, https:\/\/pfeds.com\/aspg\/wp-content\/uploads\/2026\/04\/Systemes_Information_Geographique-768x509.jpg 768w\" sizes=\"(max-width: 1200px) 100vw, 1200px\" \/><\/figure><div class=\"elementor-image-box-content\"><h3 class=\"elementor-image-box-title\">Syst\u00e8mes d\u2019Information G\u00e9ographique<\/h3><p class=\"elementor-image-box-description\">Analyse, gestion et visualisation des donn\u00e9es g\u00e9ospatiales pour la prise de d\u00e9cision.<\/p><\/div><\/div>\t\t\t\t<\/div>\n\t\t\t\t<\/div>\n\t\t\t\t<\/div>\n\t\t<div class=\"elementor-element elementor-element-2cfe632 e-con-full e-flex wpr-particle-no wpr-jarallax-no wpr-parallax-no wpr-sticky-section-no wpr-column-slider-no wpr-equal-height-no e-con e-child\" data-id=\"2cfe632\" data-element_type=\"container\" data-e-type=\"container\">\n\t\t\t\t<div class=\"elementor-element elementor-element-1ef3ff1 elementor-position-top elementor-widget elementor-widget-image-box\" data-id=\"1ef3ff1\" data-element_type=\"widget\" data-e-type=\"widget\" data-widget_type=\"image-box.default\">\n\t\t\t\t<div class=\"elementor-widget-container\">\n\t\t\t\t\t<div class=\"elementor-image-box-wrapper\"><figure class=\"elementor-image-box-img\"><img decoding=\"async\" width=\"1200\" height=\"796\" src=\"https:\/\/pfeds.com\/aspg\/wp-content\/uploads\/2026\/04\/Teledetection.jpg\" class=\"attachment-full size-full wp-image-1692\" alt=\"teledetection\" title=\"Expertise\" srcset=\"https:\/\/pfeds.com\/aspg\/wp-content\/uploads\/2026\/04\/Teledetection.jpg 1200w, https:\/\/pfeds.com\/aspg\/wp-content\/uploads\/2026\/04\/Teledetection-300x199.jpg 300w, https:\/\/pfeds.com\/aspg\/wp-content\/uploads\/2026\/04\/Teledetection-1024x679.jpg 1024w, https:\/\/pfeds.com\/aspg\/wp-content\/uploads\/2026\/04\/Teledetection-768x509.jpg 768w\" sizes=\"(max-width: 1200px) 100vw, 1200px\" \/><\/figure><div class=\"elementor-image-box-content\"><h3 class=\"elementor-image-box-title\">T\u00e9l\u00e9d\u00e9tection<\/h3><p class=\"elementor-image-box-description\">Utilisation d\u2019images satellites et drones pour l\u2019observation et le suivi du territoire.<\/p><\/div><\/div>\t\t\t\t<\/div>\n\t\t\t\t<\/div>\n\t\t\t\t<\/div>\n\t\t<div class=\"elementor-element elementor-element-6c027b0 e-con-full e-flex wpr-particle-no wpr-jarallax-no wpr-parallax-no wpr-sticky-section-no wpr-column-slider-no wpr-equal-height-no e-con e-child\" data-id=\"6c027b0\" data-element_type=\"container\" data-e-type=\"container\">\n\t\t\t\t<div class=\"elementor-element elementor-element-acb7acc elementor-position-top elementor-widget elementor-widget-image-box\" data-id=\"acb7acc\" data-element_type=\"widget\" data-e-type=\"widget\" data-widget_type=\"image-box.default\">\n\t\t\t\t<div class=\"elementor-widget-container\">\n\t\t\t\t\t<div class=\"elementor-image-box-wrapper\"><figure class=\"elementor-image-box-img\"><img decoding=\"async\" width=\"1200\" height=\"796\" src=\"https:\/\/pfeds.com\/aspg\/wp-content\/uploads\/2026\/04\/Cartographie.jpg\" class=\"attachment-full size-full wp-image-1693\" alt=\"cartographie\" title=\"Expertise\" srcset=\"https:\/\/pfeds.com\/aspg\/wp-content\/uploads\/2026\/04\/Cartographie.jpg 1200w, https:\/\/pfeds.com\/aspg\/wp-content\/uploads\/2026\/04\/Cartographie-300x199.jpg 300w, https:\/\/pfeds.com\/aspg\/wp-content\/uploads\/2026\/04\/Cartographie-1024x679.jpg 1024w, https:\/\/pfeds.com\/aspg\/wp-content\/uploads\/2026\/04\/Cartographie-768x509.jpg 768w\" sizes=\"(max-width: 1200px) 100vw, 1200px\" \/><\/figure><div class=\"elementor-image-box-content\"><h3 class=\"elementor-image-box-title\">Cartographie num\u00e9rique<\/h3><p class=\"elementor-image-box-description\">Production de cartes interactives et dynamiques.<\/p><\/div><\/div>\t\t\t\t<\/div>\n\t\t\t\t<\/div>\n\t\t\t\t<\/div>\n\t\t\t\t<\/div>\n\t\t<div class=\"elementor-element elementor-element-a6bce9d e-con-full e-flex wpr-particle-no wpr-jarallax-no wpr-parallax-no wpr-sticky-section-no wpr-column-slider-no wpr-equal-height-no e-con e-child\" data-id=\"a6bce9d\" data-element_type=\"container\" data-e-type=\"container\">\n\t\t<div class=\"elementor-element elementor-element-94573d7 e-con-full e-flex wpr-particle-no wpr-jarallax-no wpr-parallax-no wpr-sticky-section-no wpr-column-slider-no wpr-equal-height-no e-con e-child\" data-id=\"94573d7\" data-element_type=\"container\" data-e-type=\"container\">\n\t\t\t\t<div class=\"elementor-element elementor-element-a527837 elementor-position-top elementor-widget elementor-widget-image-box\" data-id=\"a527837\" data-element_type=\"widget\" data-e-type=\"widget\" data-widget_type=\"image-box.default\">\n\t\t\t\t<div class=\"elementor-widget-container\">\n\t\t\t\t\t<div class=\"elementor-image-box-wrapper\"><figure class=\"elementor-image-box-img\"><img loading=\"lazy\" decoding=\"async\" width=\"1200\" height=\"796\" src=\"https:\/\/pfeds.com\/aspg\/wp-content\/uploads\/2026\/04\/topographie.jpg\" class=\"attachment-full size-full wp-image-1694\" alt=\"topographie\" title=\"Expertise\" srcset=\"https:\/\/pfeds.com\/aspg\/wp-content\/uploads\/2026\/04\/topographie.jpg 1200w, https:\/\/pfeds.com\/aspg\/wp-content\/uploads\/2026\/04\/topographie-300x199.jpg 300w, https:\/\/pfeds.com\/aspg\/wp-content\/uploads\/2026\/04\/topographie-1024x679.jpg 1024w, https:\/\/pfeds.com\/aspg\/wp-content\/uploads\/2026\/04\/topographie-768x509.jpg 768w\" sizes=\"(max-width: 1200px) 100vw, 1200px\" \/><\/figure><div class=\"elementor-image-box-content\"><h3 class=\"elementor-image-box-title\">G\u00e9od\u00e9sie et topographie<\/h3><p class=\"elementor-image-box-description\">Mesure et repr\u00e9sentation pr\u00e9cise de la Terre et des espaces.<\/p><\/div><\/div>\t\t\t\t<\/div>\n\t\t\t\t<\/div>\n\t\t\t\t<\/div>\n\t\t<div class=\"elementor-element elementor-element-e7353ce e-con-full e-flex wpr-particle-no wpr-jarallax-no wpr-parallax-no wpr-sticky-section-no wpr-column-slider-no wpr-equal-height-no e-con e-child\" data-id=\"e7353ce\" data-element_type=\"container\" data-e-type=\"container\">\n\t\t\t\t<div class=\"elementor-element elementor-element-adfe3d2 elementor-position-top elementor-widget elementor-widget-image-box\" data-id=\"adfe3d2\" data-element_type=\"widget\" data-e-type=\"widget\" data-widget_type=\"image-box.default\">\n\t\t\t\t<div class=\"elementor-widget-container\">\n\t\t\t\t\t<div class=\"elementor-image-box-wrapper\"><figure class=\"elementor-image-box-img\"><img loading=\"lazy\" decoding=\"async\" width=\"1200\" height=\"796\" src=\"https:\/\/pfeds.com\/aspg\/wp-content\/uploads\/2026\/04\/Analyse_spatiale.jpg\" class=\"attachment-full size-full wp-image-1695\" alt=\"analyse spatiale\" title=\"Expertise\" srcset=\"https:\/\/pfeds.com\/aspg\/wp-content\/uploads\/2026\/04\/Analyse_spatiale.jpg 1200w, https:\/\/pfeds.com\/aspg\/wp-content\/uploads\/2026\/04\/Analyse_spatiale-300x199.jpg 300w, https:\/\/pfeds.com\/aspg\/wp-content\/uploads\/2026\/04\/Analyse_spatiale-1024x679.jpg 1024w, https:\/\/pfeds.com\/aspg\/wp-content\/uploads\/2026\/04\/Analyse_spatiale-768x509.jpg 768w\" sizes=\"(max-width: 1200px) 100vw, 1200px\" \/><\/figure><div class=\"elementor-image-box-content\"><h3 class=\"elementor-image-box-title\">Analyse spatiale<\/h3><p class=\"elementor-image-box-description\">Exploitation des donn\u00e9es g\u00e9ographiques pour identifier des tendances et sc\u00e9narios.<\/p><\/div><\/div>\t\t\t\t<\/div>\n\t\t\t\t<\/div>\n\t\t\t\t<\/div>\n\t\t<div class=\"elementor-element elementor-element-a67de74 e-con-full e-flex wpr-particle-no wpr-jarallax-no wpr-parallax-no wpr-sticky-section-no wpr-column-slider-no wpr-equal-height-no e-con e-child\" data-id=\"a67de74\" data-element_type=\"container\" data-e-type=\"container\">\n\t\t\t\t<div class=\"elementor-element elementor-element-7cd5def elementor-position-top elementor-widget elementor-widget-image-box\" data-id=\"7cd5def\" data-element_type=\"widget\" data-e-type=\"widget\" data-widget_type=\"image-box.default\">\n\t\t\t\t<div class=\"elementor-widget-container\">\n\t\t\t\t\t<div class=\"elementor-image-box-wrapper\"><figure class=\"elementor-image-box-img\"><img loading=\"lazy\" decoding=\"async\" width=\"1200\" height=\"796\" src=\"https:\/\/pfeds.com\/aspg\/wp-content\/uploads\/2026\/04\/Smart_Cities.jpg\" class=\"attachment-full size-full wp-image-1696\" alt=\"smart cities\" title=\"Expertise\" srcset=\"https:\/\/pfeds.com\/aspg\/wp-content\/uploads\/2026\/04\/Smart_Cities.jpg 1200w, https:\/\/pfeds.com\/aspg\/wp-content\/uploads\/2026\/04\/Smart_Cities-300x199.jpg 300w, https:\/\/pfeds.com\/aspg\/wp-content\/uploads\/2026\/04\/Smart_Cities-1024x679.jpg 1024w, https:\/\/pfeds.com\/aspg\/wp-content\/uploads\/2026\/04\/Smart_Cities-768x509.jpg 768w\" sizes=\"(max-width: 1200px) 100vw, 1200px\" \/><\/figure><div class=\"elementor-image-box-content\"><h3 class=\"elementor-image-box-title\">Smart Cities<\/h3><p class=\"elementor-image-box-description\">Utilisation des technologies g\u00e9ospatiales pour optimiser la gestion urbaine.<\/p><\/div><\/div>\t\t\t\t<\/div>\n\t\t\t\t<\/div>\n\t\t\t\t<\/div>\n\t\t\t\t<\/div>\n\t\t\t\t<\/div>\n\t\t\t\t\t<\/div>\n\t\t\t\t<\/div>\n\t\t<div class=\"elementor-element elementor-element-22cc98c e-flex e-con-boxed wpr-particle-no wpr-jarallax-no wpr-parallax-no wpr-sticky-section-no wpr-column-slider-no wpr-equal-height-no e-con e-parent\" data-id=\"22cc98c\" data-element_type=\"container\" data-e-type=\"container\" data-settings=\"{&quot;background_background&quot;:&quot;classic&quot;}\">\n\t\t\t\t\t<div class=\"e-con-inner\">\n\t\t\t\t<div class=\"elementor-element elementor-element-238071a elementor-widget elementor-widget-heading\" data-id=\"238071a\" data-element_type=\"widget\" data-e-type=\"widget\" data-widget_type=\"heading.default\">\n\t\t\t\t<div class=\"elementor-widget-container\">\n\t\t\t\t\t<h3 class=\"elementor-heading-title elementor-size-default\"> Partenariats solides et de confiance<\/h3>\t\t\t\t<\/div>\n\t\t\t\t<\/div>\n\t\t\t\t<div class=\"elementor-element elementor-element-984b693 elementor-widget elementor-widget-heading\" data-id=\"984b693\" data-element_type=\"widget\" data-e-type=\"widget\" data-widget_type=\"heading.default\">\n\t\t\t\t<div class=\"elementor-widget-container\">\n\t\t\t\t\t<h2 class=\"elementor-heading-title elementor-size-default\">B\u00e2tir le Succ\u00e8s Ensemble<\/h2>\t\t\t\t<\/div>\n\t\t\t\t<\/div>\n\t\t\t\t<div class=\"elementor-element elementor-element-dfebd0a elementor-pagination-position-outside elementor-widget elementor-widget-image-carousel\" data-id=\"dfebd0a\" data-element_type=\"widget\" data-e-type=\"widget\" data-settings=\"{&quot;slides_to_show&quot;:&quot;4&quot;,&quot;navigation&quot;:&quot;dots&quot;,&quot;slides_to_show_tablet&quot;:&quot;3&quot;,&quot;speed&quot;:400,&quot;autoplay&quot;:&quot;yes&quot;,&quot;pause_on_hover&quot;:&quot;yes&quot;,&quot;pause_on_interaction&quot;:&quot;yes&quot;,&quot;autoplay_speed&quot;:5000,&quot;infinite&quot;:&quot;yes&quot;}\" data-widget_type=\"image-carousel.default\">\n\t\t\t\t<div class=\"elementor-widget-container\">\n\t\t\t\t\t\t\t<div class=\"elementor-image-carousel-wrapper swiper\" role=\"region\" aria-roledescription=\"carousel\" aria-label=\"Image Carousel\" dir=\"ltr\">\n\t\t\t<div class=\"elementor-image-carousel swiper-wrapper\" aria-live=\"off\">\n\t\t\t\t\t\t\t\t<div class=\"swiper-slide\" role=\"group\" aria-roledescription=\"slide\" aria-label=\"1 sur 10\"><figure class=\"swiper-slide-inner\"><img decoding=\"async\" class=\"swiper-slide-image\" src=\"https:\/\/pfeds.com\/aspg\/wp-content\/uploads\/2026\/04\/323993950_1618376548677954_6917578968628722682_n-150x150.jpg\" alt=\"323993950 1618376548677954 6917578968628722682 n\" title=\"Expertise\"><\/figure><\/div><div class=\"swiper-slide\" role=\"group\" aria-roledescription=\"slide\" aria-label=\"2 sur 10\"><figure class=\"swiper-slide-inner\"><img decoding=\"async\" class=\"swiper-slide-image\" src=\"https:\/\/pfeds.com\/aspg\/wp-content\/uploads\/2026\/04\/327287462_1238401473753950_8175329095113571016_n-150x150.jpg\" alt=\"327287462 1238401473753950 8175329095113571016 n\" title=\"Expertise\"><\/figure><\/div><div class=\"swiper-slide\" role=\"group\" aria-roledescription=\"slide\" aria-label=\"3 sur 10\"><figure class=\"swiper-slide-inner\"><img decoding=\"async\" class=\"swiper-slide-image\" src=\"https:\/\/pfeds.com\/aspg\/wp-content\/uploads\/2026\/04\/351773833_563269182631281_6523597875308485432_n-150x150.jpg\" alt=\"351773833 563269182631281 6523597875308485432 n\" title=\"Expertise\"><\/figure><\/div><div class=\"swiper-slide\" role=\"group\" aria-roledescription=\"slide\" aria-label=\"4 sur 10\"><figure class=\"swiper-slide-inner\"><img decoding=\"async\" class=\"swiper-slide-image\" src=\"https:\/\/pfeds.com\/aspg\/wp-content\/uploads\/2026\/04\/441405002_122106258452314262_5575776734160898434_n-150x150.jpg\" alt=\"441405002 122106258452314262 5575776734160898434 n\" title=\"Expertise\"><\/figure><\/div><div class=\"swiper-slide\" role=\"group\" aria-roledescription=\"slide\" aria-label=\"5 sur 10\"><figure class=\"swiper-slide-inner\"><img decoding=\"async\" class=\"swiper-slide-image\" src=\"https:\/\/pfeds.com\/aspg\/wp-content\/uploads\/2026\/04\/495202379_122158286276460867_2781595983069139106_n-1-150x150.jpg\" alt=\"495202379 122158286276460867 2781595983069139106 n (1)\" title=\"Expertise\"><\/figure><\/div><div class=\"swiper-slide\" role=\"group\" aria-roledescription=\"slide\" aria-label=\"6 sur 10\"><figure class=\"swiper-slide-inner\"><img decoding=\"async\" class=\"swiper-slide-image\" src=\"https:\/\/pfeds.com\/aspg\/wp-content\/uploads\/2026\/04\/Design-sans-titre-Feb-18-2024-03-37-27-8627-PM-150x150.png\" alt=\"design sans titre feb 18 2024 03 37 27 8627 pm\" title=\"Expertise\"><\/figure><\/div><div class=\"swiper-slide\" role=\"group\" aria-roledescription=\"slide\" aria-label=\"7 sur 10\"><figure class=\"swiper-slide-inner\"><img decoding=\"async\" class=\"swiper-slide-image\" src=\"https:\/\/pfeds.com\/aspg\/wp-content\/uploads\/2026\/04\/IMG_UGB-150x150.jpeg\" alt=\"img ugb\" title=\"Expertise\"><\/figure><\/div><div class=\"swiper-slide\" role=\"group\" aria-roledescription=\"slide\" aria-label=\"8 sur 10\"><figure class=\"swiper-slide-inner\"><img decoding=\"async\" class=\"swiper-slide-image\" src=\"https:\/\/pfeds.com\/aspg\/wp-content\/uploads\/2026\/04\/Logo_uasz-bg-w-150x150.jpg\" alt=\"logo avec slogan\" title=\"Expertise\"><\/figure><\/div><div class=\"swiper-slide\" role=\"group\" aria-roledescription=\"slide\" aria-label=\"9 sur 10\"><figure class=\"swiper-slide-inner\"><img decoding=\"async\" class=\"swiper-slide-image\" src=\"https:\/\/pfeds.com\/aspg\/wp-content\/uploads\/2026\/04\/logo_UIDT-150x150.png\" alt=\"logo uidt\" title=\"Expertise\"><\/figure><\/div><div class=\"swiper-slide\" role=\"group\" aria-roledescription=\"slide\" aria-label=\"10 sur 10\"><figure class=\"swiper-slide-inner\"><img decoding=\"async\" class=\"swiper-slide-image\" src=\"https:\/\/pfeds.com\/aspg\/wp-content\/uploads\/2026\/04\/logo2-1-150x150.png\" alt=\"logo2 (1)\" title=\"Expertise\"><\/figure><\/div>\t\t\t<\/div>\n\t\t\t\t\t\t\t\n\t\t\t\t\t\t\t\t\t<div class=\"swiper-pagination\"><\/div>\n\t\t\t\t\t\t\t\t\t<\/div>\n\t\t\t\t\t\t<\/div>\n\t\t\t\t<\/div>\n\t\t\t\t\t<\/div>\n\t\t\t\t<\/div>\n\t\t\t\t<\/div>\n\t\t","protected":false},"excerpt":{"rendered":"<p>Expertise La g\u00e9omatique au service du d\u00e9veloppement DOMAINES D\u2019EXPERTISE Syst\u00e8mes d\u2019Information G\u00e9ographique Analyse, gestion et visualisation des donn\u00e9es g\u00e9ospatiales pour la prise de d\u00e9cision. T\u00e9l\u00e9d\u00e9tection Utilisation d\u2019images satellites et drones pour l\u2019observation et le suivi du territoire. Cartographie num\u00e9rique Production de cartes interactives et dynamiques. G\u00e9od\u00e9sie et topographie Mesure et repr\u00e9sentation pr\u00e9cise de la Terre et des espaces. Analyse spatiale Exploitation des donn\u00e9es g\u00e9ographiques pour identifier des tendances et sc\u00e9narios. Smart Cities Utilisation des technologies g\u00e9ospatiales pour optimiser la gestion urbaine. Partenariats solides et de confiance B\u00e2tir le Succ\u00e8s Ensemble<\/p>\n","protected":false},"author":1,"featured_media":0,"parent":0,"menu_order":0,"comment_status":"closed","ping_status":"closed","template":"","meta":{"_uag_custom_page_level_css":"","site-sidebar-layout":"no-sidebar","site-content-layout":"page-builder","ast-site-content-layout":"default","site-content-style":"default","site-sidebar-style":"default","ast-global-header-display":"","ast-banner-title-visibility":"","ast-main-header-display":"","ast-hfb-above-header-display":"","ast-hfb-below-header-display":"","ast-hfb-mobile-header-display":"","site-post-title":"disabled","ast-breadcrumbs-content":"disabled","ast-featured-img":"disabled","footer-sml-layout":"","ast-disable-related-posts":"","theme-transparent-header-meta":"enabled","adv-header-id-meta":"","stick-header-meta":"","header-above-stick-meta":"","header-main-stick-meta":"","header-below-stick-meta":"","astra-migrate-meta-layouts":"default","ast-page-background-enabled":"default","ast-page-background-meta":{"desktop":{"background-color":"var(--ast-global-color-4)","background-image":"","background-repeat":"repeat","background-position":"center center","background-size":"auto","background-attachment":"scroll","background-type":"","background-media":"","overlay-type":"","overlay-color":"","overlay-opacity":"","overlay-gradient":""},"tablet":{"background-color":"","background-image":"","background-repeat":"repeat","background-position":"center center","background-size":"auto","background-attachment":"scroll","background-type":"","background-media":"","overlay-type":"","overlay-color":"","overlay-opacity":"","overlay-gradient":""},"mobile":{"background-color":"","background-image":"","background-repeat":"repeat","background-position":"center center","background-size":"auto","background-attachment":"scroll","background-type":"","background-media":"","overlay-type":"","overlay-color":"","overlay-opacity":"","overlay-gradient":""}},"ast-content-background-meta":{"desktop":{"background-color":"var(--ast-global-color-5)","background-image":"","background-repeat":"repeat","background-position":"center center","background-size":"auto","background-attachment":"scroll","background-type":"","background-media":"","overlay-type":"","overlay-color":"","overlay-opacity":"","overlay-gradient":""},"tablet":{"background-color":"var(--ast-global-color-5)","background-image":"","background-repeat":"repeat","background-position":"center center","background-size":"auto","background-attachment":"scroll","background-type":"","background-media":"","overlay-type":"","overlay-color":"","overlay-opacity":"","overlay-gradient":""},"mobile":{"background-color":"var(--ast-global-color-5)","background-image":"","background-repeat":"repeat","background-position":"center center","background-size":"auto","background-attachment":"scroll","background-type":"","background-media":"","overlay-type":"","overlay-color":"","overlay-opacity":"","overlay-gradient":""}},"footnotes":""},"class_list":["post-11","page","type-page","status-publish","hentry"],"uagb_featured_image_src":{"full":false,"thumbnail":false,"medium":false,"medium_large":false,"large":false,"1536x1536":false,"2048x2048":false},"uagb_author_info":{"display_name":"aspg","author_link":"https:\/\/pfeds.com\/aspg\/author\/ets\/"},"uagb_comment_info":0,"uagb_excerpt":"Expertise La g\u00e9omatique au service du d\u00e9veloppement DOMAINES D\u2019EXPERTISE Syst\u00e8mes d\u2019Information G\u00e9ographique Analyse, gestion et visualisation des donn\u00e9es g\u00e9ospatiales pour la prise de d\u00e9cision. T\u00e9l\u00e9d\u00e9tection Utilisation d\u2019images satellites et drones pour l\u2019observation et le suivi du territoire. Cartographie num\u00e9rique Production de cartes interactives et dynamiques. G\u00e9od\u00e9sie et topographie Mesure et repr\u00e9sentation pr\u00e9cise de la Terre\u2026","_links":{"self":[{"href":"https:\/\/pfeds.com\/aspg\/wp-json\/wp\/v2\/pages\/11","targetHints":{"allow":["GET"]}}],"collection":[{"href":"https:\/\/pfeds.com\/aspg\/wp-json\/wp\/v2\/pages"}],"about":[{"href":"https:\/\/pfeds.com\/aspg\/wp-json\/wp\/v2\/types\/page"}],"author":[{"embeddable":true,"href":"https:\/\/pfeds.com\/aspg\/wp-json\/wp\/v2\/users\/1"}],"replies":[{"embeddable":true,"href":"https:\/\/pfeds.com\/aspg\/wp-json\/wp\/v2\/comments?post=11"}],"version-history":[{"count":4,"href":"https:\/\/pfeds.com\/aspg\/wp-json\/wp\/v2\/pages\/11\/revisions"}],"predecessor-version":[{"id":2032,"href":"https:\/\/pfeds.com\/aspg\/wp-json\/wp\/v2\/pages\/11\/revisions\/2032"}],"wp:attachment":[{"href":"https:\/\/pfeds.com\/aspg\/wp-json\/wp\/v2\/media?parent=11"}],"curies":[{"name":"wp","href":"https:\/\/api.w.org\/{rel}","templated":true}]}}