{"id":13,"date":"2025-07-12T22:52:49","date_gmt":"2025-07-12T20:52:49","guid":{"rendered":"http:\/\/ead\/about\/"},"modified":"2026-05-06T14:59:53","modified_gmt":"2026-05-06T12:59:53","slug":"organisation","status":"publish","type":"page","link":"https:\/\/pfeds.com\/aspg\/organisation\/","title":{"rendered":"Organisation"},"content":{"rendered":"\t\t<div data-elementor-type=\"wp-page\" data-elementor-id=\"13\" class=\"elementor elementor-13\">\n\t\t\t\t<div class=\"elementor-element elementor-element-19b8c8c e-flex e-con-boxed wpr-particle-no wpr-jarallax-no wpr-parallax-no wpr-sticky-section-no wpr-column-slider-no wpr-equal-height-no e-con e-parent\" data-id=\"19b8c8c\" data-element_type=\"container\" data-e-type=\"container\" data-settings=\"{&quot;background_background&quot;:&quot;classic&quot;}\">\n\t\t\t\t\t<div class=\"e-con-inner\">\n\t\t<div class=\"elementor-element elementor-element-372848a e-con-full e-flex wpr-particle-no wpr-jarallax-no wpr-parallax-no wpr-sticky-section-no wpr-column-slider-no wpr-equal-height-no e-con e-child\" data-id=\"372848a\" data-element_type=\"container\" data-e-type=\"container\">\n\t\t\t\t<div class=\"elementor-element elementor-element-0ccf104 elementor-widget elementor-widget-heading\" data-id=\"0ccf104\" data-element_type=\"widget\" data-e-type=\"widget\" data-widget_type=\"heading.default\">\n\t\t\t\t<div class=\"elementor-widget-container\">\n\t\t\t\t\t<h1 class=\"elementor-heading-title elementor-size-default\">ORGANISATION<\/h1>\t\t\t\t<\/div>\n\t\t\t\t<\/div>\n\t\t\t\t<\/div>\n\t\t\t\t\t<\/div>\n\t\t\t\t<\/div>\n\t\t<div class=\"elementor-element elementor-element-f9744cf e-flex e-con-boxed wpr-particle-no wpr-jarallax-no wpr-parallax-no wpr-sticky-section-no wpr-column-slider-no wpr-equal-height-no e-con e-parent\" data-id=\"f9744cf\" data-element_type=\"container\" data-e-type=\"container\" data-settings=\"{&quot;background_background&quot;:&quot;classic&quot;}\">\n\t\t\t\t\t<div class=\"e-con-inner\">\n\t\t<div class=\"elementor-element elementor-element-91f6103 e-con-full e-flex wpr-particle-no wpr-jarallax-no wpr-parallax-no wpr-sticky-section-no wpr-column-slider-no wpr-equal-height-no e-con e-child\" data-id=\"91f6103\" data-element_type=\"container\" data-e-type=\"container\">\n\t\t\t\t<div class=\"elementor-element elementor-element-1e6e685 elementor-widget elementor-widget-heading\" data-id=\"1e6e685\" data-element_type=\"widget\" data-e-type=\"widget\" data-widget_type=\"heading.default\">\n\t\t\t\t<div class=\"elementor-widget-container\">\n\t\t\t\t\t<h2 class=\"elementor-heading-title elementor-size-default\">College des Pr\u00e9sidents<\/h2>\t\t\t\t<\/div>\n\t\t\t\t<\/div>\n\t\t\t\t<div class=\"elementor-element elementor-element-d1fc901 elementor-icon-list--layout-traditional elementor-list-item-link-full_width elementor-widget elementor-widget-icon-list\" data-id=\"d1fc901\" data-element_type=\"widget\" data-e-type=\"widget\" data-widget_type=\"icon-list.default\">\n\t\t\t\t<div class=\"elementor-widget-container\">\n\t\t\t\t\t\t\t<ul class=\"elementor-icon-list-items\">\n\t\t\t\t\t\t\t<li class=\"elementor-icon-list-item\">\n\t\t\t\t\t\t\t\t\t\t\t<span class=\"elementor-icon-list-icon\">\n\t\t\t\t\t\t\t<i aria-hidden=\"true\" class=\"fas fa-chevron-right\"><\/i>\t\t\t\t\t\t<\/span>\n\t\t\t\t\t\t\t\t\t\t<span class=\"elementor-icon-list-text\">\uf0fc\tLe Pr\u00e9sident<\/span>\n\t\t\t\t\t\t\t\t\t<\/li>\n\t\t\t\t\t\t\t\t<li class=\"elementor-icon-list-item\">\n\t\t\t\t\t\t\t\t\t\t\t<span class=\"elementor-icon-list-icon\">\n\t\t\t\t\t\t\t<i aria-hidden=\"true\" class=\"fas fa-chevron-right\"><\/i>\t\t\t\t\t\t<\/span>\n\t\t\t\t\t\t\t\t\t\t<span class=\"elementor-icon-list-text\">\uf0fc\tLes Vice-pr\u00e9sidents<\/span>\n\t\t\t\t\t\t\t\t\t<\/li>\n\t\t\t\t\t\t<\/ul>\n\t\t\t\t\t\t<\/div>\n\t\t\t\t<\/div>\n\t\t\t\t<div class=\"elementor-element elementor-element-42f6179 elementor-widget elementor-widget-text-editor\" data-id=\"42f6179\" data-element_type=\"widget\" data-e-type=\"widget\" data-widget_type=\"text-editor.default\">\n\t\t\t\t<div class=\"elementor-widget-container\">\n\t\t\t\t\t\t\t\t\t<p>Ils sont charg\u00e9s de l\u2019\u00e9laboration de la vision strat\u00e9gique, de la coordination avec les institutions, le pilotage et l\u2019alignement de la feuille de route ASPG aux r\u00e9f\u00e9rentiels de d\u00e9veloppement national, r\u00e9gional et africaine. Ils encouragent et mettent en place des Partenariats f\u00e9conds et conventions \u00e0 \u00e9tablir pour un impact significatif de l\u2019activit\u00e9 de l\u2019ASPG.<\/p>\t\t\t\t\t\t\t\t<\/div>\n\t\t\t\t<\/div>\n\t\t\t\t<div class=\"elementor-element elementor-element-10d3da3 elementor-view-stacked elementor-position-inline-start elementor-widget-tablet__width-initial elementor-shape-circle elementor-mobile-position-block-start elementor-widget elementor-widget-icon-box\" data-id=\"10d3da3\" data-element_type=\"widget\" data-e-type=\"widget\" data-widget_type=\"icon-box.default\">\n\t\t\t\t<div class=\"elementor-widget-container\">\n\t\t\t\t\t\t\t<div class=\"elementor-icon-box-wrapper\">\n\n\t\t\t\t\t\t<div class=\"elementor-icon-box-icon\">\n\t\t\t\t<span  class=\"elementor-icon\">\n\t\t\t\t<i aria-hidden=\"true\" class=\"fas fa-angle-double-left\"><\/i>\t\t\t\t<\/span>\n\t\t\t<\/div>\n\t\t\t\n\t\t\t\t\t\t<div class=\"elementor-icon-box-content\">\n\n\t\t\t\t\t\t\t\t\t<h3 class=\"elementor-icon-box-title\">\n\t\t\t\t\t\t<span  >\n\t\t\t\t\t\t\tLe Secr\u00e9tariat G\u00e9n\u00e9ral et Directeur Ex\u00e9cutif des Poles de Comp\u00e9titivit\u00e9 Entreprise (PCE)\t\t\t\t\t\t<\/span>\n\t\t\t\t\t<\/h3>\n\t\t\t\t\n\t\t\t\t\n\t\t\t<\/div>\n\t\t\t\n\t\t<\/div>\n\t\t\t\t\t\t<\/div>\n\t\t\t\t<\/div>\n\t\t\t\t<div class=\"elementor-element elementor-element-ad8a8df elementor-widget elementor-widget-text-editor\" data-id=\"ad8a8df\" data-element_type=\"widget\" data-e-type=\"widget\" data-widget_type=\"text-editor.default\">\n\t\t\t\t<div class=\"elementor-widget-container\">\n\t\t\t\t\t\t\t\t\t<p>C\u2019est la cheville ouvri\u00e8re de la coordination des activit\u00e9s, de l\u2019Administration g\u00e9n\u00e9rale et de l\u2019animation.<\/p><p>Le Secr\u00e9taire G\u00e9n\u00e9ral est aussi Directeur Ex\u00e9cutif des P\u00f4les de comp\u00e9titivit\u00e9 des Entreprises (DEX-PCE). Le PCE est constitu\u00e9 de 28 Entreprises membres (\u00e9quipementiers (04), Logiciels (02) et Ing\u00e9nierie spatiale (22). Le DEX\/PCE est charg\u00e9 de la cr\u00e9ation des opportunit\u00e9s pour les entreprises sur le march\u00e9 g\u00e9ospatial, de permettre de passer \u00e0 l\u2019\u00e9chelle, de coconstruire des offres dans le cadre de la mutualisation pour r\u00e9pondre plus efficacement aux crit\u00e8res d\u2019\u00e9ligibilit\u00e9s techniques et financi\u00e8res. En d\u00e9finitive le DEX-PCE construit l\u2019avenir de l\u2019industrie g\u00e9ospatiale.<\/p>\t\t\t\t\t\t\t\t<\/div>\n\t\t\t\t<\/div>\n\t\t\t\t<div class=\"elementor-element elementor-element-bf9eeeb elementor-view-stacked elementor-position-inline-start elementor-widget-tablet__width-initial elementor-shape-circle elementor-mobile-position-block-start elementor-widget elementor-widget-icon-box\" data-id=\"bf9eeeb\" data-element_type=\"widget\" data-e-type=\"widget\" data-widget_type=\"icon-box.default\">\n\t\t\t\t<div class=\"elementor-widget-container\">\n\t\t\t\t\t\t\t<div class=\"elementor-icon-box-wrapper\">\n\n\t\t\t\t\t\t<div class=\"elementor-icon-box-icon\">\n\t\t\t\t<span  class=\"elementor-icon\">\n\t\t\t\t<i aria-hidden=\"true\" class=\"fas fa-angle-double-left\"><\/i>\t\t\t\t<\/span>\n\t\t\t<\/div>\n\t\t\t\n\t\t\t\t\t\t<div class=\"elementor-icon-box-content\">\n\n\t\t\t\t\t\t\t\t\t<h3 class=\"elementor-icon-box-title\">\n\t\t\t\t\t\t<span  >\n\t\t\t\t\t\t\tLes Pr\u00e9sidents de commissions\t\t\t\t\t\t<\/span>\n\t\t\t\t\t<\/h3>\n\t\t\t\t\n\t\t\t\t\n\t\t\t<\/div>\n\t\t\t\n\t\t<\/div>\n\t\t\t\t\t\t<\/div>\n\t\t\t\t<\/div>\n\t\t\t\t<div class=\"elementor-element elementor-element-c86332a elementor-widget elementor-widget-text-editor\" data-id=\"c86332a\" data-element_type=\"widget\" data-e-type=\"widget\" data-widget_type=\"text-editor.default\">\n\t\t\t\t<div class=\"elementor-widget-container\">\n\t\t\t\t\t\t\t\t\t<p>Ils sont charg\u00e9s de coordonner et de mettre en \u0153uvre les plans d\u2019actions op\u00e9rationnels notamment au niveau Scientifique et technique, organisation- \u00e9vent, formation, gestion des applications et services (GNSS, spatial, terrestre, applications etc.), projets de d\u00e9veloppement, conf\u00e9rences et fertilisation etc<\/p>\t\t\t\t\t\t\t\t<\/div>\n\t\t\t\t<\/div>\n\t\t\t\t<div class=\"elementor-element elementor-element-c680fed elementor-view-stacked elementor-position-inline-start elementor-widget-tablet__width-initial elementor-shape-circle elementor-mobile-position-block-start elementor-widget elementor-widget-icon-box\" data-id=\"c680fed\" data-element_type=\"widget\" data-e-type=\"widget\" data-widget_type=\"icon-box.default\">\n\t\t\t\t<div class=\"elementor-widget-container\">\n\t\t\t\t\t\t\t<div class=\"elementor-icon-box-wrapper\">\n\n\t\t\t\t\t\t<div class=\"elementor-icon-box-icon\">\n\t\t\t\t<span  class=\"elementor-icon\">\n\t\t\t\t<i aria-hidden=\"true\" class=\"fas fa-angle-double-left\"><\/i>\t\t\t\t<\/span>\n\t\t\t<\/div>\n\t\t\t\n\t\t\t\t\t\t<div class=\"elementor-icon-box-content\">\n\n\t\t\t\t\t\t\t\t\t<h3 class=\"elementor-icon-box-title\">\n\t\t\t\t\t\t<span  >\n\t\t\t\t\t\t\tLes Epicentres P\u00f4les Territoriaux\t\t\t\t\t\t<\/span>\n\t\t\t\t\t<\/h3>\n\t\t\t\t\n\t\t\t\t\n\t\t\t<\/div>\n\t\t\t\n\t\t<\/div>\n\t\t\t\t\t\t<\/div>\n\t\t\t\t<\/div>\n\t\t\t\t<div class=\"elementor-element elementor-element-e8dbb44 elementor-widget elementor-widget-text-editor\" data-id=\"e8dbb44\" data-element_type=\"widget\" data-e-type=\"widget\" data-widget_type=\"text-editor.default\">\n\t\t\t\t<div class=\"elementor-widget-container\">\n\t\t\t\t\t\t\t\t\t<p>Les (EPT) constituent des leviers strat\u00e9giques dans la politique de proximit\u00e9 territoriale et de synergie entre les Universit\u00e9s (enseignement, formation, recherche et service \u00e0 la communaut\u00e9) , les autorit\u00e9s administratives (commandement) , collectivit\u00e9s territoriales et les communaut\u00e9s (acteurs locaux). Les EPT structurent et coordonnent toutes les activit\u00e9s au niveau du territoire.<\/p><p>L\u2019ASPG compte quatre (04) EPT\u00a0:<\/p><ul><li>L\u2019EPT Ouest\u00a0: Axe Dakar \u2013 Thies<\/li><li>L\u2019EPT Nord\u00a0: Axe Louga \u2013 Saint Louis et Matam<\/li><li>L\u2019EPT Sud\u00a0: Axe Ziguinchor \u2013 Kolda et S\u00e9dhiou<\/li><li>L\u2019EPT Centre Est\u00a0: Axe Diourbel, Kaolack, Tambacounda et K\u00e9dougou<\/li><\/ul>\t\t\t\t\t\t\t\t<\/div>\n\t\t\t\t<\/div>\n\t\t\t\t<div class=\"elementor-element elementor-element-688a2d0 elementor-widget elementor-widget-button\" data-id=\"688a2d0\" data-element_type=\"widget\" data-e-type=\"widget\" data-widget_type=\"button.default\">\n\t\t\t\t<div class=\"elementor-widget-container\">\n\t\t\t\t\t\t\t\t\t<div class=\"elementor-button-wrapper\">\n\t\t\t\t\t<a class=\"elementor-button elementor-button-link elementor-size-sm\" href=\"https:\/\/pfeds.com\/aspg\/wp-content\/uploads\/2026\/05\/Comp_NewCE.pdf\">\n\t\t\t\t\t\t<span class=\"elementor-button-content-wrapper\">\n\t\t\t\t\t\t<span class=\"elementor-button-icon\">\n\t\t\t\t<i aria-hidden=\"true\" class=\"fas fa-users\"><\/i>\t\t\t<\/span>\n\t\t\t\t\t\t\t\t\t<span class=\"elementor-button-text\">COMPOSITION DU COMITE EXECUTIF<\/span>\n\t\t\t\t\t<\/span>\n\t\t\t\t\t<\/a>\n\t\t\t\t<\/div>\n\t\t\t\t\t\t\t\t<\/div>\n\t\t\t\t<\/div>\n\t\t\t\t<\/div>\n\t\t\t\t\t<\/div>\n\t\t\t\t<\/div>\n\t\t\t\t<\/div>\n\t\t","protected":false},"excerpt":{"rendered":"<p>ORGANISATION College des Pr\u00e9sidents \uf0fc Le Pr\u00e9sident \uf0fc Les Vice-pr\u00e9sidents Ils sont charg\u00e9s de l\u2019\u00e9laboration de la vision strat\u00e9gique, de la coordination avec les institutions, le pilotage et l\u2019alignement de la feuille de route ASPG aux r\u00e9f\u00e9rentiels de d\u00e9veloppement national, r\u00e9gional et africaine. Ils encouragent et mettent en place des Partenariats f\u00e9conds et conventions \u00e0 \u00e9tablir pour un impact significatif de l\u2019activit\u00e9 de l\u2019ASPG. Le Secr\u00e9tariat G\u00e9n\u00e9ral et Directeur Ex\u00e9cutif des Poles de Comp\u00e9titivit\u00e9 Entreprise (PCE) C\u2019est la cheville ouvri\u00e8re de la coordination des activit\u00e9s, de l\u2019Administration g\u00e9n\u00e9rale et de l\u2019animation. Le Secr\u00e9taire G\u00e9n\u00e9ral est aussi Directeur Ex\u00e9cutif des P\u00f4les de comp\u00e9titivit\u00e9 des Entreprises (DEX-PCE). Le PCE est constitu\u00e9 de 28 Entreprises membres (\u00e9quipementiers (04), Logiciels (02) et Ing\u00e9nierie spatiale (22). Le DEX\/PCE est charg\u00e9 de la cr\u00e9ation des opportunit\u00e9s pour les entreprises sur le march\u00e9 g\u00e9ospatial, de permettre de passer \u00e0 l\u2019\u00e9chelle, de coconstruire des offres dans le cadre de la mutualisation pour r\u00e9pondre plus efficacement aux crit\u00e8res d\u2019\u00e9ligibilit\u00e9s techniques et financi\u00e8res. En d\u00e9finitive le DEX-PCE construit l\u2019avenir de l\u2019industrie g\u00e9ospatiale. Les Pr\u00e9sidents de commissions Ils sont charg\u00e9s de coordonner et de mettre en \u0153uvre les plans d\u2019actions op\u00e9rationnels notamment au niveau Scientifique et technique, organisation- \u00e9vent, formation, gestion des applications et services (GNSS, spatial, terrestre, applications etc.), projets de d\u00e9veloppement, conf\u00e9rences et fertilisation etc Les Epicentres P\u00f4les Territoriaux Les (EPT) constituent des leviers strat\u00e9giques dans la politique de proximit\u00e9 territoriale et de synergie entre les Universit\u00e9s (enseignement, formation, recherche et service \u00e0 la communaut\u00e9) , les autorit\u00e9s administratives (commandement) , collectivit\u00e9s territoriales et les communaut\u00e9s (acteurs locaux). Les EPT structurent et coordonnent toutes les activit\u00e9s au niveau du territoire. L\u2019ASPG compte quatre (04) EPT\u00a0: L\u2019EPT Ouest\u00a0: Axe Dakar \u2013 Thies L\u2019EPT Nord\u00a0: Axe Louga \u2013 Saint Louis et Matam L\u2019EPT Sud\u00a0: Axe Ziguinchor \u2013 Kolda et S\u00e9dhiou L\u2019EPT Centre Est\u00a0: Axe Diourbel, Kaolack, Tambacounda et K\u00e9dougou COMPOSITION DU COMITE EXECUTIF<\/p>\n","protected":false},"author":1,"featured_media":0,"parent":0,"menu_order":0,"comment_status":"closed","ping_status":"closed","template":"","meta":{"_uag_custom_page_level_css":"","site-sidebar-layout":"no-sidebar","site-content-layout":"page-builder","ast-site-content-layout":"default","site-content-style":"default","site-sidebar-style":"default","ast-global-header-display":"","ast-banner-title-visibility":"","ast-main-header-display":"","ast-hfb-above-header-display":"","ast-hfb-below-header-display":"","ast-hfb-mobile-header-display":"","site-post-title":"disabled","ast-breadcrumbs-content":"disabled","ast-featured-img":"disabled","footer-sml-layout":"","ast-disable-related-posts":"","theme-transparent-header-meta":"enabled","adv-header-id-meta":"","stick-header-meta":"","header-above-stick-meta":"","header-main-stick-meta":"","header-below-stick-meta":"","astra-migrate-meta-layouts":"default","ast-page-background-enabled":"default","ast-page-background-meta":{"desktop":{"background-color":"var(--ast-global-color-4)","background-image":"","background-repeat":"repeat","background-position":"center center","background-size":"auto","background-attachment":"scroll","background-type":"","background-media":"","overlay-type":"","overlay-color":"","overlay-opacity":"","overlay-gradient":""},"tablet":{"background-color":"","background-image":"","background-repeat":"repeat","background-position":"center center","background-size":"auto","background-attachment":"scroll","background-type":"","background-media":"","overlay-type":"","overlay-color":"","overlay-opacity":"","overlay-gradient":""},"mobile":{"background-color":"","background-image":"","background-repeat":"repeat","background-position":"center center","background-size":"auto","background-attachment":"scroll","background-type":"","background-media":"","overlay-type":"","overlay-color":"","overlay-opacity":"","overlay-gradient":""}},"ast-content-background-meta":{"desktop":{"background-color":"var(--ast-global-color-5)","background-image":"","background-repeat":"repeat","background-position":"center center","background-size":"auto","background-attachment":"scroll","background-type":"","background-media":"","overlay-type":"","overlay-color":"","overlay-opacity":"","overlay-gradient":""},"tablet":{"background-color":"var(--ast-global-color-5)","background-image":"","background-repeat":"repeat","background-position":"center center","background-size":"auto","background-attachment":"scroll","background-type":"","background-media":"","overlay-type":"","overlay-color":"","overlay-opacity":"","overlay-gradient":""},"mobile":{"background-color":"var(--ast-global-color-5)","background-image":"","background-repeat":"repeat","background-position":"center center","background-size":"auto","background-attachment":"scroll","background-type":"","background-media":"","overlay-type":"","overlay-color":"","overlay-opacity":"","overlay-gradient":""}},"footnotes":""},"class_list":["post-13","page","type-page","status-publish","hentry"],"uagb_featured_image_src":{"full":false,"thumbnail":false,"medium":false,"medium_large":false,"large":false,"1536x1536":false,"2048x2048":false},"uagb_author_info":{"display_name":"aspg","author_link":"https:\/\/pfeds.com\/aspg\/author\/ets\/"},"uagb_comment_info":0,"uagb_excerpt":"ORGANISATION College des Pr\u00e9sidents \uf0fc Le Pr\u00e9sident \uf0fc Les Vice-pr\u00e9sidents Ils sont charg\u00e9s de l\u2019\u00e9laboration de la vision strat\u00e9gique, de la coordination avec les institutions, le pilotage et l\u2019alignement de la feuille de route ASPG aux r\u00e9f\u00e9rentiels de d\u00e9veloppement national, r\u00e9gional et africaine. Ils encouragent et mettent en place des Partenariats f\u00e9conds et conventions \u00e0\u2026","_links":{"self":[{"href":"https:\/\/pfeds.com\/aspg\/wp-json\/wp\/v2\/pages\/13","targetHints":{"allow":["GET"]}}],"collection":[{"href":"https:\/\/pfeds.com\/aspg\/wp-json\/wp\/v2\/pages"}],"about":[{"href":"https:\/\/pfeds.com\/aspg\/wp-json\/wp\/v2\/types\/page"}],"author":[{"embeddable":true,"href":"https:\/\/pfeds.com\/aspg\/wp-json\/wp\/v2\/users\/1"}],"replies":[{"embeddable":true,"href":"https:\/\/pfeds.com\/aspg\/wp-json\/wp\/v2\/comments?post=13"}],"version-history":[{"count":32,"href":"https:\/\/pfeds.com\/aspg\/wp-json\/wp\/v2\/pages\/13\/revisions"}],"predecessor-version":[{"id":2178,"href":"https:\/\/pfeds.com\/aspg\/wp-json\/wp\/v2\/pages\/13\/revisions\/2178"}],"wp:attachment":[{"href":"https:\/\/pfeds.com\/aspg\/wp-json\/wp\/v2\/media?parent=13"}],"curies":[{"name":"wp","href":"https:\/\/api.w.org\/{rel}","templated":true}]}}